{"id":10,"date":"2019-06-01T16:12:28","date_gmt":"2019-06-01T16:12:28","guid":{"rendered":"http:\/\/susannehommel.de\/?page_id=10"},"modified":"2025-07-30T19:24:59","modified_gmt":"2025-07-30T19:24:59","slug":"home","status":"publish","type":"page","link":"https:\/\/susannehommel.de\/","title":{"rendered":"Home"},"content":{"rendered":"\n<figure class=\"wp-block-image size-large\"><img decoding=\"async\" loading=\"lazy\" width=\"1024\" height=\"574\" src=\"https:\/\/susannehommel.de\/wp-content\/uploads\/2024\/02\/SHo_blue-1024x574.png\" alt=\"\" class=\"wp-image-593\" style=\"object-fit:cover\" srcset=\"https:\/\/susannehommel.de\/wp-content\/uploads\/2024\/02\/SHo_blue-1024x574.png 1024w, https:\/\/susannehommel.de\/wp-content\/uploads\/2024\/02\/SHo_blue-300x168.png 300w, https:\/\/susannehommel.de\/wp-content\/uploads\/2024\/02\/SHo_blue-768x431.png 768w, https:\/\/susannehommel.de\/wp-content\/uploads\/2024\/02\/SHo_blue.png 1270w\" sizes=\"(max-width: 1024px) 100vw, 1024px\" \/><\/figure>\n\n\n\n<p class=\"has-text-align-right\" style=\"font-size:10px\">Photo \u00a9 Monika Paulick<\/p>\n\n\n\n<p class=\"has-very-dark-gray-color has-text-color has-normal-font-size\">Liebe Eltern von Babys, Kleinkindern und Kindern,<br>Liebe Jugendliche und junge Erwachsene,<\/p>\n\n\n\n<p class=\"has-very-dark-gray-color has-text-color has-normal-font-size\">die ganz normalen Krisen der fr\u00fchkindlichen Entwicklung spitzen sich angesichts einer zunehmend unsicheren Welt, finanzieller Sorgen, Isolation, Verunsicherung und der herausfordernden Balance zwischen Elternwerden und Elternsein, Familie, Beruf und Kinderbetreuung erheblich zu.&nbsp;<\/p>\n\n\n\n<p class=\"has-very-dark-gray-color has-text-color has-normal-font-size\">Das f\u00fchrt f\u00fcr Kinder, Jugendliche wie auch Eltern leicht zu \u00dcberforderungssituationen, die Unsicherheit, Traurigkeit, \u00c4ngste sowie Gef\u00fchle von Gereiztheit, Wut und Verzweiflung entstehen lassen k\u00f6nnen. Diese sind alleine oft nur schwer zu bew\u00e4ltigen und belasten zudem die Beziehungen miteinander.<\/p>\n\n\n\n<p class=\"has-very-dark-gray-color has-text-color has-normal-font-size\">Mehr Informationen zu meinem psychotherapeutischen Behandlungsangebot f\u00fcr Babys, Kleinkinder, Kinder und ihre Eltern sowie Jugendliche und junge Erwachsene finden Sie unter dem Stichpunkt &#8218;Psychotherapie&#8216;.<\/p>\n\n\n\n<p class=\"has-very-dark-gray-color has-text-color has-normal-font-size\">Wir freuen uns auf Ihre Nachricht,<br>Dr. Susanne Hommel <\/p>\n\n\n\n<p><\/p>\n\n\n\n<p class=\"has-normal-font-size\"><a href=\"Kontakt: eMail.       post @ babysprechstunde-hamburg . deTelefon.   +49 (40) 4321 9552\"><br><\/a><\/p>\n","protected":false},"excerpt":{"rendered":"<p>Photo \u00a9 Monika Paulick Liebe Eltern von Babys, Kleinkindern und Kindern,Liebe Jugendliche und junge Erwachsene, die ganz normalen Krisen der fr\u00fchkindlichen Entwicklung spitzen sich angesichts einer zunehmend unsicheren Welt, finanzieller Sorgen, Isolation, Verunsicherung und der herausfordernden Balance zwischen Elternwerden und Elternsein, Familie, Beruf und Kinderbetreuung erheblich zu.&nbsp; Das f\u00fchrt f\u00fcr&hellip; <\/p>\n","protected":false},"author":1,"featured_media":0,"parent":0,"menu_order":0,"comment_status":"closed","ping_status":"closed","template":"","meta":{"footnotes":""},"_links":{"self":[{"href":"https:\/\/susannehommel.de\/index.php?rest_route=\/wp\/v2\/pages\/10"}],"collection":[{"href":"https:\/\/susannehommel.de\/index.php?rest_route=\/wp\/v2\/pages"}],"about":[{"href":"https:\/\/susannehommel.de\/index.php?rest_route=\/wp\/v2\/types\/page"}],"author":[{"embeddable":true,"href":"https:\/\/susannehommel.de\/index.php?rest_route=\/wp\/v2\/users\/1"}],"replies":[{"embeddable":true,"href":"https:\/\/susannehommel.de\/index.php?rest_route=%2Fwp%2Fv2%2Fcomments&post=10"}],"version-history":[{"count":83,"href":"https:\/\/susannehommel.de\/index.php?rest_route=\/wp\/v2\/pages\/10\/revisions"}],"predecessor-version":[{"id":673,"href":"https:\/\/susannehommel.de\/index.php?rest_route=\/wp\/v2\/pages\/10\/revisions\/673"}],"wp:attachment":[{"href":"https:\/\/susannehommel.de\/index.php?rest_route=%2Fwp%2Fv2%2Fmedia&parent=10"}],"curies":[{"name":"wp","href":"https:\/\/api.w.org\/{rel}","templated":true}]}}