{"id":31,"date":"2019-06-01T20:20:28","date_gmt":"2019-06-01T20:20:28","guid":{"rendered":"http:\/\/susannehommel.de\/?page_id=31"},"modified":"2024-02-10T12:03:40","modified_gmt":"2024-02-10T12:03:40","slug":"kinderpsychotherapie","status":"publish","type":"page","link":"https:\/\/susannehommel.de\/?page_id=31","title":{"rendered":"Kinder &#8211; Psychotherapie"},"content":{"rendered":"\n<figure class=\"wp-block-image\"><img decoding=\"async\" loading=\"lazy\" width=\"1090\" height=\"594\" src=\"http:\/\/susannehommel.de\/wp-content\/uploads\/2019\/06\/Rocket-blue.png\" alt=\"\" class=\"wp-image-210\" style=\"object-fit:cover\" srcset=\"https:\/\/susannehommel.de\/wp-content\/uploads\/2019\/06\/Rocket-blue.png 1090w, https:\/\/susannehommel.de\/wp-content\/uploads\/2019\/06\/Rocket-blue-300x163.png 300w, https:\/\/susannehommel.de\/wp-content\/uploads\/2019\/06\/Rocket-blue-768x419.png 768w, https:\/\/susannehommel.de\/wp-content\/uploads\/2019\/06\/Rocket-blue-1024x558.png 1024w\" sizes=\"(max-width: 1090px) 100vw, 1090px\" \/><\/figure>\n\n\n\n<p class=\"has-text-align-right\" style=\"font-size:10px\">Photo Susanne Hommel \u00a9 Rakete by Janod<\/p>\n\n\n\n<p style=\"font-size:16px\">Analytische Kinderpsychotherapie ist Spieltherapie. Spielzeug, das gemeinsame Spiel sowie kreative Ausdrucksformen wie Kritzeln und Malen verleihen der inneren seelischen Welt von Kindern und deren famili\u00e4ren und sozialen Kontexten Ausdruck, verdeutlichen innerpsychische wie interpersonale Konflikte und erm\u00f6glichen gemeinsam spielerisch L\u00f6sungsm\u00f6glichkeiten zu entwickeln.<\/p>\n\n\n\n<p style=\"font-size:16px\">Die kontinuierliche begleitende Elternarbeit ist zentraler Bestandteil von Kinderpsychotherapien. <\/p>\n\n\n\n<p class=\"has-normal-font-size\">Die Kosten f\u00fcr eine Psychoanalytische oder Tiefenpsychologisch fundierte Kinderpsychotherapie (akjp und tp) werden von den gesetzlichen wie privaten Krankenkassen \u00fcbernommen.<\/p>\n\n\n\n<p class=\"has-white-color has-text-color has-normal-font-size\">Die Kosten f\u00fcr eine Psychoanalytische oder Tiefenpsychologisch fundierte Kinder-Psychotherapie werden von den gesetzlichen wie privaten Krankenkassen \u00fcbernommen.<\/p>\n","protected":false},"excerpt":{"rendered":"<p>Photo Susanne Hommel \u00a9 Rakete by Janod Analytische Kinderpsychotherapie ist Spieltherapie. Spielzeug, das gemeinsame Spiel sowie kreative Ausdrucksformen wie Kritzeln und Malen verleihen der inneren seelischen Welt von Kindern und deren famili\u00e4ren und sozialen Kontexten Ausdruck, verdeutlichen innerpsychische wie interpersonale Konflikte und erm\u00f6glichen gemeinsam spielerisch L\u00f6sungsm\u00f6glichkeiten zu entwickeln. Die kontinuierliche&hellip; <\/p>\n","protected":false},"author":1,"featured_media":0,"parent":75,"menu_order":1,"comment_status":"closed","ping_status":"closed","template":"","meta":{"footnotes":""},"_links":{"self":[{"href":"https:\/\/susannehommel.de\/index.php?rest_route=\/wp\/v2\/pages\/31"}],"collection":[{"href":"https:\/\/susannehommel.de\/index.php?rest_route=\/wp\/v2\/pages"}],"about":[{"href":"https:\/\/susannehommel.de\/index.php?rest_route=\/wp\/v2\/types\/page"}],"author":[{"embeddable":true,"href":"https:\/\/susannehommel.de\/index.php?rest_route=\/wp\/v2\/users\/1"}],"replies":[{"embeddable":true,"href":"https:\/\/susannehommel.de\/index.php?rest_route=%2Fwp%2Fv2%2Fcomments&post=31"}],"version-history":[{"count":18,"href":"https:\/\/susannehommel.de\/index.php?rest_route=\/wp\/v2\/pages\/31\/revisions"}],"predecessor-version":[{"id":605,"href":"https:\/\/susannehommel.de\/index.php?rest_route=\/wp\/v2\/pages\/31\/revisions\/605"}],"up":[{"embeddable":true,"href":"https:\/\/susannehommel.de\/index.php?rest_route=\/wp\/v2\/pages\/75"}],"wp:attachment":[{"href":"https:\/\/susannehommel.de\/index.php?rest_route=%2Fwp%2Fv2%2Fmedia&parent=31"}],"curies":[{"name":"wp","href":"https:\/\/api.w.org\/{rel}","templated":true}]}}