{"id":526,"date":"2023-06-17T20:39:17","date_gmt":"2023-06-17T20:39:17","guid":{"rendered":"https:\/\/susannehommel.de\/?page_id=526"},"modified":"2025-07-30T19:27:13","modified_gmt":"2025-07-30T19:27:13","slug":"kontakt","status":"publish","type":"page","link":"https:\/\/susannehommel.de\/?page_id=526","title":{"rendered":"Kontakt"},"content":{"rendered":"\n<p class=\"has-black-color has-text-color\" style=\"font-size:16px\">Liebe Eltern und Kolleg:innen,<\/p>\n\n\n\n<p class=\"has-black-color has-text-color\" style=\"font-size:16px\">die Baby und Kleinkind Sprechstunde in Kooperation mit der Praxis Gabriele Griep beendet ihre T\u00e4tigkeit zum 30.06.25.<\/p>\n\n\n\n<p class=\"has-black-color has-text-color\" style=\"font-size:16px\">Wir danken Ihnen f\u00fcr Ihr Vertrauen und Ihnen\/euch als Kolleg:innen f\u00fcr die gute kollegiale Zusammenarbeit seit Beginn der &#8218;SchreibabySprechstunde Hamburg&#8216; wie auch der &#8218;Baby und Kleinkind Sprechstunde Hamburg&#8216;.<\/p>\n\n\n\n<p class=\"has-black-color has-text-color\" style=\"font-size:16px\">Informationen f\u00fcr Eltern und f\u00fcr Kolleg:innen mit der Frage, wohin sie Eltern mit Babys und Kleinkindern verweisen k\u00f6nnen, finden Sie hier: <\/p>\n\n\n\n<p class=\"has-black-color has-text-color\" style=\"font-size:16px\"><a href=\"https:\/\/kinderschutzbund-hamburg.de\/projects-archive\/schreibabyberatung\/\">SchreiBabyBeratung Hamburg<\/a> der Fr\u00fchen Hilfen Eimsb\u00fcttel<\/p>\n\n\n\n<p class=\"has-black-color has-text-color\" style=\"font-size:16px\"><a href=\"https:\/\/www.fruehehilfen-hamburg.de\/behandlung\/nach-der-geburt\">Fr\u00fche Hilfen Hamburg<\/a> . HH<\/p>\n\n\n\n<p class=\"has-black-color has-text-color\" style=\"font-size:16px\"><a href=\"https:\/\/frauenpsychosomatik-hamburg.de\/spezialisten\/\">FINE Netzwerk Frauenpsychosomatik<\/a> . HH<\/p>\n\n\n\n<p class=\"has-black-color has-text-color\" style=\"font-size:16px\"><a href=\"https:\/\/schatten-und-licht.de\/Hilfsangebote\/fachleuteliste.html\">Schatten &amp; Licht<\/a> . Adressen in und um HH <\/p>\n\n\n\n<p class=\"has-black-color has-text-color\" style=\"font-size:16px\"><a href=\"http:\/\/marce-gesellschaft.de\/wp-content\/uploads\/2019\/02\/D_MuKi_Stand-November-2018_Februar-2019.pdf\">Marc\u00e9 Gesellschaft<\/a>&nbsp;sowie <a href=\"https:\/\/www.gaimh.org\/angebote-deutschland.html\">GAIMH<\/a>,&nbsp;<a href=\"https:\/\/waimh.org\/page\/resources\">WAIMH&nbsp;<\/a>und<a href=\"https:\/\/vakjp.de\/babyambulanzen.html\">&nbsp;<\/a><a href=\"https:\/\/vakjp.de\/psychotherapie\/babyambulanzen\/\">VAKJP<\/a><\/p>\n\n\n\n<p><\/p>\n\n\n\n<h5 class=\"wp-block-heading\" style=\"font-size:16px\">F\u00fcr weitere Fragen wenden Sie sich gerne an meine Kolleginnen und mich:<\/h5>\n\n\n\n<h5 class=\"wp-block-heading\" style=\"font-size:16px\">Praxis Dr. Susanne Hommel <\/h5>\n\n\n\n<p style=\"font-size:16px\">Telefon.   +49 (40) 49 222 152<br>Telefax.   +49 (40) 49 222 673<\/p>\n\n\n\n<p style=\"font-size:16px\">eMail.       <a href=\"mailto:praxis@susannehommel.de\">praxis@susannehommel.de<\/a><\/p>\n","protected":false},"excerpt":{"rendered":"<p>Liebe Eltern und Kolleg:innen, die Baby und Kleinkind Sprechstunde in Kooperation mit der Praxis Gabriele Griep beendet ihre T\u00e4tigkeit zum 30.06.25. Wir danken Ihnen f\u00fcr Ihr Vertrauen und Ihnen\/euch als Kolleg:innen f\u00fcr die gute kollegiale Zusammenarbeit seit Beginn der &#8218;SchreibabySprechstunde Hamburg&#8216; wie auch der &#8218;Baby und Kleinkind Sprechstunde Hamburg&#8216;. Informationen&hellip; <\/p>\n","protected":false},"author":1,"featured_media":0,"parent":0,"menu_order":6,"comment_status":"closed","ping_status":"closed","template":"","meta":{"footnotes":""},"_links":{"self":[{"href":"https:\/\/susannehommel.de\/index.php?rest_route=\/wp\/v2\/pages\/526"}],"collection":[{"href":"https:\/\/susannehommel.de\/index.php?rest_route=\/wp\/v2\/pages"}],"about":[{"href":"https:\/\/susannehommel.de\/index.php?rest_route=\/wp\/v2\/types\/page"}],"author":[{"embeddable":true,"href":"https:\/\/susannehommel.de\/index.php?rest_route=\/wp\/v2\/users\/1"}],"replies":[{"embeddable":true,"href":"https:\/\/susannehommel.de\/index.php?rest_route=%2Fwp%2Fv2%2Fcomments&post=526"}],"version-history":[{"count":21,"href":"https:\/\/susannehommel.de\/index.php?rest_route=\/wp\/v2\/pages\/526\/revisions"}],"predecessor-version":[{"id":675,"href":"https:\/\/susannehommel.de\/index.php?rest_route=\/wp\/v2\/pages\/526\/revisions\/675"}],"wp:attachment":[{"href":"https:\/\/susannehommel.de\/index.php?rest_route=%2Fwp%2Fv2%2Fmedia&parent=526"}],"curies":[{"name":"wp","href":"https:\/\/api.w.org\/{rel}","templated":true}]}}