{"id":71,"date":"2019-06-01T19:57:28","date_gmt":"2019-06-01T19:57:28","guid":{"rendered":"http:\/\/susannehommel.de\/?page_id=71"},"modified":"2025-07-06T10:51:44","modified_gmt":"2025-07-06T10:51:44","slug":"sprechstunde","status":"publish","type":"page","link":"https:\/\/susannehommel.de\/?page_id=71","title":{"rendered":"Sprechstunde"},"content":{"rendered":"\n<figure class=\"wp-block-image size-large\"><img decoding=\"async\" loading=\"lazy\" width=\"1024\" height=\"567\" src=\"http:\/\/susannehommel.de\/wp-content\/uploads\/2019\/06\/Mother-Baby-blue-1024x567.png\" alt=\"\" class=\"wp-image-291\" srcset=\"https:\/\/susannehommel.de\/wp-content\/uploads\/2019\/06\/Mother-Baby-blue-1024x567.png 1024w, https:\/\/susannehommel.de\/wp-content\/uploads\/2019\/06\/Mother-Baby-blue-300x166.png 300w, https:\/\/susannehommel.de\/wp-content\/uploads\/2019\/06\/Mother-Baby-blue-768x425.png 768w, https:\/\/susannehommel.de\/wp-content\/uploads\/2019\/06\/Mother-Baby-blue.png 1146w\" sizes=\"(max-width: 1024px) 100vw, 1024px\" \/><\/figure>\n\n\n\n<p class=\"has-text-align-right\" style=\"font-size:10px\">Bild  \u00a9 Gerhard Richter, S. mit Kind<\/p>\n\n\n\n<h4 class=\"wp-block-heading\" style=\"font-size:16px\">Peripartale Psychische Krisen &amp; Fr\u00fchkindliche Regulationsst\u00f6rungen<\/h4>\n\n\n\n<p style=\"font-size:16px\">Die Zeit der Schwangerschaft ist eine Zeit seelischer wie somatischer Vorbereitung auf das ElternWerden. Seelische Krisen rund um die Geburt eines Kindes sind dementsprechend h\u00e4ufig und bed\u00fcrfen nicht selten professioneller Hilfe, um die eigene Balance als Mutter\/Vater zu finden, wiederzufinden und zu halten, insbesondere beim ersten Kind.<\/p>\n\n\n\n<p style=\"font-size:16px\">Verunsicherung, \u00c4ngste und Schuldgef\u00fchle, es \u2019nicht gut genug\u2018 zu machen und famili\u00e4r sowie gesellschaftlich geteilte Erwartungen an die Elternrolle, bedeuten f\u00fcr alle Eltern eine Herausforderung. Allerdings entfaltet die \u201aganz normale Krise des Anfangs\u2018 im Kontext elterlicher, vor allem m\u00fctterlicher, peripartaler psychischer Belastungen eine besonders destabilisierende Wirkung, die sich meist deutlich im Erleben der eigenen Kompetenz als Mutter oder Vater und der Beziehung zum Baby niederschl\u00e4gt.&nbsp;<\/p>\n\n\n\n<p style=\"font-size:16px\">Besonders Babys, die viel weinen, schwer zu beruhigen sind, schwer ein- und\/oder durchschlafen, sich schlecht stillen oder f\u00fcttern lassen, bereiten ihren Eltern h\u00e4ufig Sorgen. Diese so genannten Fr\u00fchkindlichen Regulationsst\u00f6rungen belasten die Beziehung zwischen Baby und Eltern oft sehr.<\/p>\n\n\n\n<p style=\"font-size:16px\">Im Hinblick auf die besondere Bedeutung der fr\u00fchen Beziehung f\u00fcr elterliche und kindliche seelische sowie k\u00f6rperliche Gesundheit, kindliche Entwicklung und Bindungsentwicklung, ist daher eine m\u00f6glichst fr\u00fch einsetzende beziehungsfokussierte Beratung und Behandlung dringend indiziert.&nbsp;<\/p>\n\n\n\n<p style=\"font-size:16px\">Beratende wie auch psychotherapeutisch-psychiatrische Angebote f\u00fcr werdende Eltern sowie M\u00fctter und V\u00e4ter rund um die Geburt ihres Kindes finden Sie auch auf den websites des Hamburger&nbsp;<a href=\"https:\/\/frauenpsychosomatik-hamburg.de\/rund-um-die-geburt\/\">FINE Netzwerk<\/a>, von&nbsp;<a href=\"https:\/\/schatten-und-licht.de\/fachleute-liste\/\">Schatten und Licht<\/a>, der&nbsp;<a href=\"http:\/\/marce-gesellschaft.de\/wp-content\/uploads\/2019\/02\/D_MuKi_Stand-November-2018_Februar-2019.pdf\">Marc\u00e9 Gesellschaft<\/a>&nbsp;sowie der Fachgesellschaften&nbsp;<a href=\"https:\/\/www.gaimh.org\/angebote-deutschland.html\">GAIMH<\/a>,&nbsp;<a href=\"https:\/\/waimh.org\/page\/resources\">WAIMH&nbsp;<\/a>und<a href=\"https:\/\/vakjp.de\/babyambulanzen.html\">&nbsp;<\/a>VAKJP.<\/p>\n\n\n\n<p style=\"font-size:16px\">Die Kosten f\u00fcr Sprechstunden Termine Babys und Kleinkinder mit fr\u00fchkindlichen Regulationsst\u00f6rungen sowie f\u00fcr Eltern in psychischen Krisen nach der Geburt ihres Babys werden von den gesetzlichen wie privaten Krankenkassen \u00fcbernommen. Termine vor Geburt Ihres Kindes stellen wir Ihnen privat in Rechnung, die sie bei Ihrer Versicherung mit der Bitte um Erstattung einreichen k\u00f6nnen.<\/p>\n","protected":false},"excerpt":{"rendered":"<p>Bild \u00a9 Gerhard Richter, S. mit Kind Peripartale Psychische Krisen &amp; Fr\u00fchkindliche Regulationsst\u00f6rungen Die Zeit der Schwangerschaft ist eine Zeit seelischer wie somatischer Vorbereitung auf das ElternWerden. Seelische Krisen rund um die Geburt eines Kindes sind dementsprechend h\u00e4ufig und bed\u00fcrfen nicht selten professioneller Hilfe, um die eigene Balance als Mutter\/Vater&hellip; <\/p>\n","protected":false},"author":1,"featured_media":0,"parent":0,"menu_order":0,"comment_status":"closed","ping_status":"closed","template":"","meta":{"footnotes":""},"_links":{"self":[{"href":"https:\/\/susannehommel.de\/index.php?rest_route=\/wp\/v2\/pages\/71"}],"collection":[{"href":"https:\/\/susannehommel.de\/index.php?rest_route=\/wp\/v2\/pages"}],"about":[{"href":"https:\/\/susannehommel.de\/index.php?rest_route=\/wp\/v2\/types\/page"}],"author":[{"embeddable":true,"href":"https:\/\/susannehommel.de\/index.php?rest_route=\/wp\/v2\/users\/1"}],"replies":[{"embeddable":true,"href":"https:\/\/susannehommel.de\/index.php?rest_route=%2Fwp%2Fv2%2Fcomments&post=71"}],"version-history":[{"count":22,"href":"https:\/\/susannehommel.de\/index.php?rest_route=\/wp\/v2\/pages\/71\/revisions"}],"predecessor-version":[{"id":658,"href":"https:\/\/susannehommel.de\/index.php?rest_route=\/wp\/v2\/pages\/71\/revisions\/658"}],"wp:attachment":[{"href":"https:\/\/susannehommel.de\/index.php?rest_route=%2Fwp%2Fv2%2Fmedia&parent=71"}],"curies":[{"name":"wp","href":"https:\/\/api.w.org\/{rel}","templated":true}]}}