{"id":97,"date":"2019-06-01T20:21:31","date_gmt":"2019-06-01T20:21:31","guid":{"rendered":"http:\/\/susannehommel.de\/?page_id=97"},"modified":"2024-02-10T12:04:44","modified_gmt":"2024-02-10T12:04:44","slug":"jugendlichenpsychotherapie","status":"publish","type":"page","link":"https:\/\/susannehommel.de\/?page_id=97","title":{"rendered":"Jugendliche &#038; Junge Erwachsene"},"content":{"rendered":"\n<figure class=\"wp-block-image\"><img decoding=\"async\" loading=\"lazy\" width=\"1162\" height=\"640\" src=\"http:\/\/susannehommel.de\/wp-content\/uploads\/2019\/06\/Butterflies-blue.png\" alt=\"\" class=\"wp-image-222\" style=\"object-fit:cover\" srcset=\"https:\/\/susannehommel.de\/wp-content\/uploads\/2019\/06\/Butterflies-blue.png 1162w, https:\/\/susannehommel.de\/wp-content\/uploads\/2019\/06\/Butterflies-blue-300x165.png 300w, https:\/\/susannehommel.de\/wp-content\/uploads\/2019\/06\/Butterflies-blue-768x423.png 768w, https:\/\/susannehommel.de\/wp-content\/uploads\/2019\/06\/Butterflies-blue-1024x564.png 1024w\" sizes=\"(max-width: 1162px) 100vw, 1162px\" \/><\/figure>\n\n\n\n<p class=\"has-text-align-right\" style=\"font-size:10px\">Photo Susanne Hommel \u00a9 Print by Damien Hirst<\/p>\n\n\n\n<p class=\"has-normal-font-size\">Das Jugendalter und das junge Erwachsenenalter sind Zeiten gro\u00dfer Umbr\u00fcche, Ver\u00e4nderungen und Verwandlungen. Zeiten existenzieller Fragen nach dem Sinn des Lebens, der eigenen Identit\u00e4t und Individualit\u00e4t, die Erfahrung von Bezogenheit in Freundschaften und Liebesbeziehungen und der Abgrenzung individueller Bed\u00fcrfnisse, Tr\u00e4ume und Ziele von famili\u00e4ren und sozialen Erwartungen und Normen. <\/p>\n\n\n\n<p class=\"has-normal-font-size\">Die Abl\u00f6sung von der Herkunftsfamilie im Sinne der Autonomieentwicklung und die Verortung seiner Selbst sind zentrale Entwicklungsaufgaben. Die Suche nach Antworten auf Fragen wie &#8218;wer bin ich?&#8216;, &#8218;wer will ich sein?&#8216; und &#8218;wie will ich leben?&#8216; stellen eine entwicklungsphasenspezifische Herausforderung dar, die nicht einfach zu bew\u00e4ltigen ist.<\/p>\n\n\n\n<p class=\"has-normal-font-size\">Seelische Krisen im Jugend- und jungen Erwachsenenalter sind dementsprechend vorprogrammiert und bed\u00fcrfen nicht selten professioneller Hilfe, um die eigene Balance zu finden, zu halten oder wiederzufinden.<\/p>\n\n\n\n<p class=\"has-normal-font-size\">Anders als im Kindesalter, wo begleitende Elterngespr\u00e4che ein unabdingbarer Teil der Kinderpsychotherapie sind, ist der Einbezug der Eltern im Jugendalter keine notwendige Bedingung mehr.<\/p>\n\n\n\n<p style=\"font-size:16px\">Die Kosten f\u00fcr eine Psychoanalytische oder Tiefenpsychologisch fundierte Psychotherapie (akjp und tp) werden von den gesetzlichen wie privaten Krankenkassen \u00fcbernommen.<\/p>\n","protected":false},"excerpt":{"rendered":"<p>Photo Susanne Hommel \u00a9 Print by Damien Hirst Das Jugendalter und das junge Erwachsenenalter sind Zeiten gro\u00dfer Umbr\u00fcche, Ver\u00e4nderungen und Verwandlungen. Zeiten existenzieller Fragen nach dem Sinn des Lebens, der eigenen Identit\u00e4t und Individualit\u00e4t, die Erfahrung von Bezogenheit in Freundschaften und Liebesbeziehungen und der Abgrenzung individueller Bed\u00fcrfnisse, Tr\u00e4ume und Ziele&hellip; <\/p>\n","protected":false},"author":1,"featured_media":0,"parent":75,"menu_order":3,"comment_status":"closed","ping_status":"closed","template":"","meta":{"footnotes":""},"_links":{"self":[{"href":"https:\/\/susannehommel.de\/index.php?rest_route=\/wp\/v2\/pages\/97"}],"collection":[{"href":"https:\/\/susannehommel.de\/index.php?rest_route=\/wp\/v2\/pages"}],"about":[{"href":"https:\/\/susannehommel.de\/index.php?rest_route=\/wp\/v2\/types\/page"}],"author":[{"embeddable":true,"href":"https:\/\/susannehommel.de\/index.php?rest_route=\/wp\/v2\/users\/1"}],"replies":[{"embeddable":true,"href":"https:\/\/susannehommel.de\/index.php?rest_route=%2Fwp%2Fv2%2Fcomments&post=97"}],"version-history":[{"count":21,"href":"https:\/\/susannehommel.de\/index.php?rest_route=\/wp\/v2\/pages\/97\/revisions"}],"predecessor-version":[{"id":606,"href":"https:\/\/susannehommel.de\/index.php?rest_route=\/wp\/v2\/pages\/97\/revisions\/606"}],"up":[{"embeddable":true,"href":"https:\/\/susannehommel.de\/index.php?rest_route=\/wp\/v2\/pages\/75"}],"wp:attachment":[{"href":"https:\/\/susannehommel.de\/index.php?rest_route=%2Fwp%2Fv2%2Fmedia&parent=97"}],"curies":[{"name":"wp","href":"https:\/\/api.w.org\/{rel}","templated":true}]}}